{"id":10012,"date":"2022-11-19T15:45:35","date_gmt":"2022-11-19T15:45:35","guid":{"rendered":"https:\/\/the7.io\/elementor-corporate\/?page_id=10012"},"modified":"2023-09-14T16:24:16","modified_gmt":"2023-09-14T16:24:16","slug":"clientes-que-confian-en-publicaper","status":"publish","type":"page","link":"https:\/\/publicaper.es\/index.php\/clientes-que-confian-en-publicaper\/","title":{"rendered":"Clientes que conf\u00edan en Publicaper"},"content":{"rendered":"\t\t<div data-elementor-type=\"wp-page\" data-elementor-id=\"10012\" class=\"elementor elementor-10012\" data-elementor-post-type=\"page\">\n\t\t\t\t\t\t<section class=\"elementor-section elementor-top-section elementor-element elementor-element-ffc8b1e elementor-section-boxed elementor-section-height-default elementor-section-height-default\" data-id=\"ffc8b1e\" data-element_type=\"section\">\n\t\t\t\t\t\t<div class=\"elementor-container elementor-column-gap-wider\">\n\t\t\t\t\t<div class=\"elementor-column elementor-col-100 elementor-top-column elementor-element elementor-element-4c2b3ae\" data-id=\"4c2b3ae\" data-element_type=\"column\">\n\t\t\t<div class=\"elementor-widget-wrap elementor-element-populated\">\n\t\t\t\t\t\t<div class=\"elementor-element elementor-element-9f32793 elementor-widget elementor-widget-text-editor\" data-id=\"9f32793\" data-element_type=\"widget\" data-widget_type=\"text-editor.default\">\n\t\t\t\t<div class=\"elementor-widget-container\">\n\t\t\t\t\t\t\t<p><span style=\"color: #800000;\"><strong><em>Cada d\u00eda son m\u00e1s las empresas que nos avalan en nuestra calidad de servicio.<\/em><\/strong>\u00a0<\/span><\/p><p><span style=\"background-color: rgba(255, 255, 255, 0); color: var(--the7-base-color); letter-spacing: var(--the7-base-letter-spacing); text-transform: var(--the7-base-text-transform); word-spacing: normal;\">Nuestra misi\u00f3n es ser l\u00edderes en los servicios de distribuci\u00f3n de publicidad en cualquiera de sus modalidades y nos consolidamos como una organizaci\u00f3n eficaz y flexible, capaz de adaptarse a las necesidades particulares de nuestros clientes y proveerles de todos los servicios log\u00edsticos y comerciales, para que su publicidad sea la m\u00e1s r\u00e1pida y efectiva del mercado.\u00a0\u00a0<\/span><\/p>\t\t\t\t\t\t<\/div>\n\t\t\t\t<\/div>\n\t\t\t\t<div class=\"elementor-element elementor-element-f2f3526 img-align-mobile-top image-vertical-align-center image-vertical-align-tablet-center icon-box-vertical-align-center icon-box-vertical-align-tablet-top img-align-tablet-top img-align-top preserve-img-ratio-cover slide-h-position-left elementor-widget elementor-widget-the7-elements-simple-posts\" data-id=\"f2f3526\" data-element_type=\"widget\" data-widget_type=\"the7-elements-simple-posts.default\">\n\t\t\t\t<div class=\"elementor-widget-container\">\n\t\t\t<div class=\"the7-simple-widget-posts the7-elementor-widget the7-elements-simple-posts-f2f3526 jquery-filter widget-divider-on jquery-filter\" data-post-limit=\"-1\" data-pagination-mode=\"none\" data-scroll-offset=\"\" aria-live=\"assertive\">\t\t\t<div class=\"dt-css-grid custom-pagination-handler\" data-columns=\"{&quot;d&quot;:5,&quot;t&quot;:2,&quot;p&quot;:1,&quot;wd&quot;:12}\">\n\t\t\t\t\t\t\t\t\t<div class=\"wf-cell visible box-hover\">\n\t\t\t\t\t\t<article class=\"post visible wrapper post-12955 clientes type-clientes status-publish has-post-thumbnail hentry\">\n\n\t\t\t\t\t\t\t<div class=\"post-content-wrapper\">\n\t\t\t\t\t\t\t\t\t\t\t\t\t\t\t\t\t<div class=\"the7-simple-post-thumb\">\n\t\t\t\t\t\t\t\t\t\t<div class=\"post-thumbnail-rollover layzr-bg img-css-resize-wrapper not-clickable-item\" aria-label=\"Post image\"><img fetchpriority=\"high\" width=\"600\" height=\"400\" src=\"data:image\/svg+xml,%3Csvg%20xmlns%3D&#039;http%3A%2F%2Fwww.w3.org%2F2000%2Fsvg&#039;%20viewBox%3D&#039;0%200%20600%20400&#039;%2F%3E\" class=\"attachment-full size-full preload-me aspect lazy lazy-load\" alt=\"\" decoding=\"async\" sizes=\"(max-width: 600px) 100vw, 600px\" style=\"--ratio: 600 \/ 400;\" data-src=\"https:\/\/publicaper.es\/wp-content\/uploads\/2023\/09\/logo_mediamark.png\" loading=\"eager\" data-srcset=\"https:\/\/publicaper.es\/wp-content\/uploads\/2023\/09\/logo_mediamark.png 600w, https:\/\/publicaper.es\/wp-content\/uploads\/2023\/09\/logo_mediamark-300x200.png 300w\" \/><span class=\"the7-hover-icon\"><\/span><\/div>\t\t\t\t\t\t\t\t\t<\/div>\n\t\t\t\t\t\t\t\t\t\t\t\t\t\t\t\t<div class=\"post-entry-content\">\n\t\t\t\t\t\t\t\t\t\t\t\t\t\t\t\t\t<\/div>\n\t\t\t\t\t\t\t<\/div>\n\t\t\t\t\t\t<\/article>\n\t\t\t\t\t<\/div>\t\t\t\t\t\t\t\t\t\t<div class=\"wf-cell visible box-hover\">\n\t\t\t\t\t\t<article class=\"post visible wrapper post-10344 clientes type-clientes status-publish has-post-thumbnail hentry\">\n\n\t\t\t\t\t\t\t<div class=\"post-content-wrapper\">\n\t\t\t\t\t\t\t\t\t\t\t\t\t\t\t\t\t<div class=\"the7-simple-post-thumb\">\n\t\t\t\t\t\t\t\t\t\t<div class=\"post-thumbnail-rollover layzr-bg img-css-resize-wrapper not-clickable-item\" aria-label=\"Post image\"><img width=\"600\" height=\"400\" src=\"data:image\/svg+xml,%3Csvg%20xmlns%3D&#039;http%3A%2F%2Fwww.w3.org%2F2000%2Fsvg&#039;%20viewBox%3D&#039;0%200%20600%20400&#039;%2F%3E\" class=\"attachment-full size-full preload-me aspect lazy lazy-load\" alt=\"\" decoding=\"async\" sizes=\"(max-width: 600px) 100vw, 600px\" style=\"--ratio: 600 \/ 400;\" data-src=\"https:\/\/publicaper.es\/wp-content\/uploads\/2022\/11\/logo_ahorramas.png\" loading=\"eager\" data-srcset=\"https:\/\/publicaper.es\/wp-content\/uploads\/2022\/11\/logo_ahorramas.png 600w, https:\/\/publicaper.es\/wp-content\/uploads\/2022\/11\/logo_ahorramas-300x200.png 300w\" \/><span class=\"the7-hover-icon\"><\/span><\/div>\t\t\t\t\t\t\t\t\t<\/div>\n\t\t\t\t\t\t\t\t\t\t\t\t\t\t\t\t<div class=\"post-entry-content\">\n\t\t\t\t\t\t\t\t\t\t\t\t\t\t\t\t\t<\/div>\n\t\t\t\t\t\t\t<\/div>\n\t\t\t\t\t\t<\/article>\n\t\t\t\t\t<\/div>\t\t\t\t\t\t\t\t\t\t<div class=\"wf-cell visible box-hover\">\n\t\t\t\t\t\t<article class=\"post visible wrapper post-10342 clientes type-clientes status-publish has-post-thumbnail hentry\">\n\n\t\t\t\t\t\t\t<div class=\"post-content-wrapper\">\n\t\t\t\t\t\t\t\t\t\t\t\t\t\t\t\t\t<div class=\"the7-simple-post-thumb\">\n\t\t\t\t\t\t\t\t\t\t<div class=\"post-thumbnail-rollover layzr-bg img-css-resize-wrapper not-clickable-item\" aria-label=\"Post image\"><img width=\"600\" height=\"400\" src=\"data:image\/svg+xml,%3Csvg%20xmlns%3D&#039;http%3A%2F%2Fwww.w3.org%2F2000%2Fsvg&#039;%20viewBox%3D&#039;0%200%20600%20400&#039;%2F%3E\" class=\"attachment-full size-full preload-me aspect lazy lazy-load\" alt=\"\" decoding=\"async\" sizes=\"(max-width: 600px) 100vw, 600px\" style=\"--ratio: 600 \/ 400;\" data-src=\"https:\/\/publicaper.es\/wp-content\/uploads\/2022\/11\/logo_carrefour_express.png\" loading=\"eager\" data-srcset=\"https:\/\/publicaper.es\/wp-content\/uploads\/2022\/11\/logo_carrefour_express.png 600w, https:\/\/publicaper.es\/wp-content\/uploads\/2022\/11\/logo_carrefour_express-300x200.png 300w\" \/><span class=\"the7-hover-icon\"><\/span><\/div>\t\t\t\t\t\t\t\t\t<\/div>\n\t\t\t\t\t\t\t\t\t\t\t\t\t\t\t\t<div class=\"post-entry-content\">\n\t\t\t\t\t\t\t\t\t\t\t\t\t\t\t\t\t<\/div>\n\t\t\t\t\t\t\t<\/div>\n\t\t\t\t\t\t<\/article>\n\t\t\t\t\t<\/div>\t\t\t\t\t\t\t\t\t\t<div class=\"wf-cell visible box-hover\">\n\t\t\t\t\t\t<article class=\"post visible wrapper post-10340 clientes type-clientes status-publish has-post-thumbnail hentry\">\n\n\t\t\t\t\t\t\t<div class=\"post-content-wrapper\">\n\t\t\t\t\t\t\t\t\t\t\t\t\t\t\t\t\t<div class=\"the7-simple-post-thumb\">\n\t\t\t\t\t\t\t\t\t\t<div class=\"post-thumbnail-rollover layzr-bg img-css-resize-wrapper not-clickable-item\" aria-label=\"Post image\"><img width=\"600\" height=\"400\" src=\"data:image\/svg+xml,%3Csvg%20xmlns%3D&#039;http%3A%2F%2Fwww.w3.org%2F2000%2Fsvg&#039;%20viewBox%3D&#039;0%200%20600%20400&#039;%2F%3E\" class=\"attachment-full size-full preload-me aspect lazy lazy-load\" alt=\"\" decoding=\"async\" sizes=\"(max-width: 600px) 100vw, 600px\" style=\"--ratio: 600 \/ 400;\" data-src=\"https:\/\/publicaper.es\/wp-content\/uploads\/2022\/11\/logo_carrefour.png\" loading=\"eager\" data-srcset=\"https:\/\/publicaper.es\/wp-content\/uploads\/2022\/11\/logo_carrefour.png 600w, https:\/\/publicaper.es\/wp-content\/uploads\/2022\/11\/logo_carrefour-300x200.png 300w\" \/><span class=\"the7-hover-icon\"><\/span><\/div>\t\t\t\t\t\t\t\t\t<\/div>\n\t\t\t\t\t\t\t\t\t\t\t\t\t\t\t\t<div class=\"post-entry-content\">\n\t\t\t\t\t\t\t\t\t\t\t\t\t\t\t\t\t<\/div>\n\t\t\t\t\t\t\t<\/div>\n\t\t\t\t\t\t<\/article>\n\t\t\t\t\t<\/div>\t\t\t\t\t\t\t\t\t\t<div class=\"wf-cell visible box-hover\">\n\t\t\t\t\t\t<article class=\"post visible wrapper post-10326 clientes type-clientes status-publish has-post-thumbnail hentry\">\n\n\t\t\t\t\t\t\t<div class=\"post-content-wrapper\">\n\t\t\t\t\t\t\t\t\t\t\t\t\t\t\t\t\t<div class=\"the7-simple-post-thumb\">\n\t\t\t\t\t\t\t\t\t\t<div class=\"post-thumbnail-rollover layzr-bg img-css-resize-wrapper not-clickable-item\" aria-label=\"Post image\"><img width=\"600\" height=\"400\" src=\"data:image\/svg+xml,%3Csvg%20xmlns%3D&#039;http%3A%2F%2Fwww.w3.org%2F2000%2Fsvg&#039;%20viewBox%3D&#039;0%200%20600%20400&#039;%2F%3E\" class=\"attachment-full size-full preload-me aspect lazy lazy-load\" alt=\"\" decoding=\"async\" sizes=\"(max-width: 600px) 100vw, 600px\" style=\"--ratio: 600 \/ 400;\" data-src=\"https:\/\/publicaper.es\/wp-content\/uploads\/2022\/11\/logo_eroski_city.png\" loading=\"eager\" data-srcset=\"https:\/\/publicaper.es\/wp-content\/uploads\/2022\/11\/logo_eroski_city.png 600w, https:\/\/publicaper.es\/wp-content\/uploads\/2022\/11\/logo_eroski_city-300x200.png 300w\" \/><span class=\"the7-hover-icon\"><\/span><\/div>\t\t\t\t\t\t\t\t\t<\/div>\n\t\t\t\t\t\t\t\t\t\t\t\t\t\t\t\t<div class=\"post-entry-content\">\n\t\t\t\t\t\t\t\t\t\t\t\t\t\t\t\t\t<\/div>\n\t\t\t\t\t\t\t<\/div>\n\t\t\t\t\t\t<\/article>\n\t\t\t\t\t<\/div>\t\t\t\t\t\t\t\t\t\t<div class=\"wf-cell visible box-hover\">\n\t\t\t\t\t\t<article class=\"post visible wrapper post-10324 clientes type-clientes status-publish has-post-thumbnail hentry\">\n\n\t\t\t\t\t\t\t<div class=\"post-content-wrapper\">\n\t\t\t\t\t\t\t\t\t\t\t\t\t\t\t\t\t<div class=\"the7-simple-post-thumb\">\n\t\t\t\t\t\t\t\t\t\t<div class=\"post-thumbnail-rollover layzr-bg img-css-resize-wrapper not-clickable-item\" aria-label=\"Post image\"><img width=\"600\" height=\"400\" src=\"data:image\/svg+xml,%3Csvg%20xmlns%3D&#039;http%3A%2F%2Fwww.w3.org%2F2000%2Fsvg&#039;%20viewBox%3D&#039;0%200%20600%20400&#039;%2F%3E\" class=\"attachment-full size-full preload-me aspect lazy lazy-load\" alt=\"\" decoding=\"async\" sizes=\"(max-width: 600px) 100vw, 600px\" style=\"--ratio: 600 \/ 400;\" data-src=\"https:\/\/publicaper.es\/wp-content\/uploads\/2022\/11\/logo_eroski_center.png\" loading=\"eager\" data-srcset=\"https:\/\/publicaper.es\/wp-content\/uploads\/2022\/11\/logo_eroski_center.png 600w, https:\/\/publicaper.es\/wp-content\/uploads\/2022\/11\/logo_eroski_center-300x200.png 300w\" \/><span class=\"the7-hover-icon\"><\/span><\/div>\t\t\t\t\t\t\t\t\t<\/div>\n\t\t\t\t\t\t\t\t\t\t\t\t\t\t\t\t<div class=\"post-entry-content\">\n\t\t\t\t\t\t\t\t\t\t\t\t\t\t\t\t\t<\/div>\n\t\t\t\t\t\t\t<\/div>\n\t\t\t\t\t\t<\/article>\n\t\t\t\t\t<\/div>\t\t\t\t\t\t\t\t\t\t<div class=\"wf-cell visible box-hover\">\n\t\t\t\t\t\t<article class=\"post visible wrapper post-10322 clientes type-clientes status-publish has-post-thumbnail hentry\">\n\n\t\t\t\t\t\t\t<div class=\"post-content-wrapper\">\n\t\t\t\t\t\t\t\t\t\t\t\t\t\t\t\t\t<div class=\"the7-simple-post-thumb\">\n\t\t\t\t\t\t\t\t\t\t<div class=\"post-thumbnail-rollover layzr-bg img-css-resize-wrapper not-clickable-item\" aria-label=\"Post image\"><img width=\"600\" height=\"400\" src=\"data:image\/svg+xml,%3Csvg%20xmlns%3D&#039;http%3A%2F%2Fwww.w3.org%2F2000%2Fsvg&#039;%20viewBox%3D&#039;0%200%20600%20400&#039;%2F%3E\" class=\"attachment-full size-full preload-me aspect lazy lazy-load\" alt=\"\" decoding=\"async\" sizes=\"(max-width: 600px) 100vw, 600px\" style=\"--ratio: 600 \/ 400;\" data-src=\"https:\/\/publicaper.es\/wp-content\/uploads\/2022\/11\/logo_rapimueble.png\" loading=\"eager\" data-srcset=\"https:\/\/publicaper.es\/wp-content\/uploads\/2022\/11\/logo_rapimueble.png 600w, https:\/\/publicaper.es\/wp-content\/uploads\/2022\/11\/logo_rapimueble-300x200.png 300w\" \/><span class=\"the7-hover-icon\"><\/span><\/div>\t\t\t\t\t\t\t\t\t<\/div>\n\t\t\t\t\t\t\t\t\t\t\t\t\t\t\t\t<div class=\"post-entry-content\">\n\t\t\t\t\t\t\t\t\t\t\t\t\t\t\t\t\t<\/div>\n\t\t\t\t\t\t\t<\/div>\n\t\t\t\t\t\t<\/article>\n\t\t\t\t\t<\/div>\t\t\t\t\t\t\t\t\t\t<div class=\"wf-cell visible box-hover\">\n\t\t\t\t\t\t<article class=\"post visible wrapper post-10311 clientes type-clientes status-publish has-post-thumbnail hentry\">\n\n\t\t\t\t\t\t\t<div class=\"post-content-wrapper\">\n\t\t\t\t\t\t\t\t\t\t\t\t\t\t\t\t\t<div class=\"the7-simple-post-thumb\">\n\t\t\t\t\t\t\t\t\t\t<div class=\"post-thumbnail-rollover layzr-bg img-css-resize-wrapper not-clickable-item\" aria-label=\"Post image\"><img width=\"600\" height=\"400\" src=\"data:image\/svg+xml,%3Csvg%20xmlns%3D&#039;http%3A%2F%2Fwww.w3.org%2F2000%2Fsvg&#039;%20viewBox%3D&#039;0%200%20600%20400&#039;%2F%3E\" class=\"attachment-full size-full preload-me aspect lazy lazy-load\" alt=\"\" decoding=\"async\" sizes=\"(max-width: 600px) 100vw, 600px\" style=\"--ratio: 600 \/ 400;\" data-src=\"https:\/\/publicaper.es\/wp-content\/uploads\/2022\/11\/logo_jyks.png\" loading=\"eager\" data-srcset=\"https:\/\/publicaper.es\/wp-content\/uploads\/2022\/11\/logo_jyks.png 600w, https:\/\/publicaper.es\/wp-content\/uploads\/2022\/11\/logo_jyks-300x200.png 300w\" \/><span class=\"the7-hover-icon\"><\/span><\/div>\t\t\t\t\t\t\t\t\t<\/div>\n\t\t\t\t\t\t\t\t\t\t\t\t\t\t\t\t<div class=\"post-entry-content\">\n\t\t\t\t\t\t\t\t\t\t\t\t\t\t\t\t\t<\/div>\n\t\t\t\t\t\t\t<\/div>\n\t\t\t\t\t\t<\/article>\n\t\t\t\t\t<\/div>\t\t\t\t\t\t\t\t\t\t<div class=\"wf-cell visible box-hover\">\n\t\t\t\t\t\t<article class=\"post visible wrapper post-10309 clientes type-clientes status-publish has-post-thumbnail hentry\">\n\n\t\t\t\t\t\t\t<div class=\"post-content-wrapper\">\n\t\t\t\t\t\t\t\t\t\t\t\t\t\t\t\t\t<div class=\"the7-simple-post-thumb\">\n\t\t\t\t\t\t\t\t\t\t<div class=\"post-thumbnail-rollover layzr-bg img-css-resize-wrapper not-clickable-item\" aria-label=\"Post image\"><img width=\"600\" height=\"400\" src=\"data:image\/svg+xml,%3Csvg%20xmlns%3D&#039;http%3A%2F%2Fwww.w3.org%2F2000%2Fsvg&#039;%20viewBox%3D&#039;0%200%20600%20400&#039;%2F%3E\" class=\"attachment-full size-full preload-me aspect lazy lazy-load\" alt=\"\" decoding=\"async\" sizes=\"(max-width: 600px) 100vw, 600px\" style=\"--ratio: 600 \/ 400;\" data-src=\"https:\/\/publicaper.es\/wp-content\/uploads\/2022\/11\/logo_corte_ingles.png\" loading=\"eager\" data-srcset=\"https:\/\/publicaper.es\/wp-content\/uploads\/2022\/11\/logo_corte_ingles.png 600w, https:\/\/publicaper.es\/wp-content\/uploads\/2022\/11\/logo_corte_ingles-300x200.png 300w\" \/><span class=\"the7-hover-icon\"><\/span><\/div>\t\t\t\t\t\t\t\t\t<\/div>\n\t\t\t\t\t\t\t\t\t\t\t\t\t\t\t\t<div class=\"post-entry-content\">\n\t\t\t\t\t\t\t\t\t\t\t\t\t\t\t\t\t<\/div>\n\t\t\t\t\t\t\t<\/div>\n\t\t\t\t\t\t<\/article>\n\t\t\t\t\t<\/div>\t\t\t\t\t\t\t\t\t\t<div class=\"wf-cell visible box-hover\">\n\t\t\t\t\t\t<article class=\"post visible wrapper post-10306 clientes type-clientes status-publish has-post-thumbnail hentry\">\n\n\t\t\t\t\t\t\t<div class=\"post-content-wrapper\">\n\t\t\t\t\t\t\t\t\t\t\t\t\t\t\t\t\t<div class=\"the7-simple-post-thumb\">\n\t\t\t\t\t\t\t\t\t\t<div class=\"post-thumbnail-rollover layzr-bg img-css-resize-wrapper not-clickable-item\" aria-label=\"Post image\"><img width=\"600\" height=\"400\" src=\"data:image\/svg+xml,%3Csvg%20xmlns%3D&#039;http%3A%2F%2Fwww.w3.org%2F2000%2Fsvg&#039;%20viewBox%3D&#039;0%200%20600%20400&#039;%2F%3E\" class=\"attachment-full size-full preload-me aspect lazy lazy-load\" alt=\"\" decoding=\"async\" sizes=\"(max-width: 600px) 100vw, 600px\" style=\"--ratio: 600 \/ 400;\" data-src=\"https:\/\/publicaper.es\/wp-content\/uploads\/2022\/11\/logo_tecnocasa.png\" loading=\"eager\" data-srcset=\"https:\/\/publicaper.es\/wp-content\/uploads\/2022\/11\/logo_tecnocasa.png 600w, https:\/\/publicaper.es\/wp-content\/uploads\/2022\/11\/logo_tecnocasa-300x200.png 300w\" \/><span class=\"the7-hover-icon\"><\/span><\/div>\t\t\t\t\t\t\t\t\t<\/div>\n\t\t\t\t\t\t\t\t\t\t\t\t\t\t\t\t<div class=\"post-entry-content\">\n\t\t\t\t\t\t\t\t\t\t\t\t\t\t\t\t\t<\/div>\n\t\t\t\t\t\t\t<\/div>\n\t\t\t\t\t\t<\/article>\n\t\t\t\t\t<\/div>\t\t\t\t\t\t\t\t<\/div>\n\t\t<\/div>\t\t<\/div>\n\t\t\t\t<\/div>\n\t\t\t\t\t<\/div>\n\t\t<\/div>\n\t\t\t\t\t<\/div>\n\t\t<\/section>\n\t\t\t\t<\/div>\n\t\t","protected":false},"excerpt":{"rendered":"<p>Cada d\u00eda son m\u00e1s las empresas que nos avalan en nuestra calidad de servicio.\u00a0 Nuestra misi\u00f3n es ser l\u00edderes en los servicios de distribuci\u00f3n de publicidad en cualquiera de sus modalidades y nos consolidamos como una organizaci\u00f3n eficaz y flexible, capaz de adaptarse a las necesidades particulares de nuestros clientes y proveerles de todos los&hellip;<\/p>\n","protected":false},"author":1,"featured_media":0,"parent":0,"menu_order":40,"comment_status":"closed","ping_status":"closed","template":"","meta":{"footnotes":""},"_links":{"self":[{"href":"https:\/\/publicaper.es\/index.php\/wp-json\/wp\/v2\/pages\/10012"}],"collection":[{"href":"https:\/\/publicaper.es\/index.php\/wp-json\/wp\/v2\/pages"}],"about":[{"href":"https:\/\/publicaper.es\/index.php\/wp-json\/wp\/v2\/types\/page"}],"author":[{"embeddable":true,"href":"https:\/\/publicaper.es\/index.php\/wp-json\/wp\/v2\/users\/1"}],"replies":[{"embeddable":true,"href":"https:\/\/publicaper.es\/index.php\/wp-json\/wp\/v2\/comments?post=10012"}],"version-history":[{"count":45,"href":"https:\/\/publicaper.es\/index.php\/wp-json\/wp\/v2\/pages\/10012\/revisions"}],"predecessor-version":[{"id":13117,"href":"https:\/\/publicaper.es\/index.php\/wp-json\/wp\/v2\/pages\/10012\/revisions\/13117"}],"wp:attachment":[{"href":"https:\/\/publicaper.es\/index.php\/wp-json\/wp\/v2\/media?parent=10012"}],"curies":[{"name":"wp","href":"https:\/\/api.w.org\/{rel}","templated":true}]}}